{"id":64,"date":"2025-02-02T21:41:09","date_gmt":"2025-02-02T20:41:09","guid":{"rendered":"https:\/\/lerntherapeut-uhl.de\/?page_id=64"},"modified":"2025-02-02T21:41:09","modified_gmt":"2025-02-02T20:41:09","slug":"impressum","status":"publish","type":"page","link":"https:\/\/lerntherapeut-uhl.de\/index.php\/impressum\/","title":{"rendered":"Impressum"},"content":{"rendered":"\n<p>Bj\u00f6rn Uhl<br>Praxis f\u00fcr Heilp\u00e4dagogik, Lerntherapie &amp; Gesundheitsberatung Bj\u00f6rn Uhl<br>Richard-Wagner-Str. 22<br>35460 Staufenberg<\/p>\n\n\n\n<h2 class=\"wp-block-heading\">Kontakt<\/h2>\n\n\n\n<p>Telefon: +49 (0)6406-50977<br>Telefax: +49 (0)6406-830694<br>E-Mail: info@lerntherapeut-uhl.de<\/p>\n\n\n\n<h2 class=\"wp-block-heading\">Umsatzsteuer-ID<\/h2>\n\n\n\n<p>Umsatzsteuer-Identifikationsnummer gem\u00e4\u00df \u00a7 27 a Umsatzsteuergesetz:<br>DE253117816<\/p>\n\n\n\n<h2 class=\"wp-block-heading\">Gewerbeanmeldung<\/h2>\n\n\n\n<p>Die Gewerbeerlaubnis nach [Nummer des Paragraphen] GewO wurde am 01.02.2007 von folgender Stelle erteilt: Gemeinde Staufenberg.<\/p>\n\n\n\n<h2 class=\"wp-block-heading\">Berufsbezeichnung und berufsrechtliche Regelungen<\/h2>\n\n\n\n<p>Berufsbezeichnung:<br>staatlich anerkannter Heilp\u00e4dagoge<\/p>\n\n\n\n<p>Verliehen in:<br>Deutschland<\/p>\n\n\n\n<h2 class=\"wp-block-heading\">Redaktionell verantwortlich<\/h2>\n\n\n\n<p>Bj\u00f6rn Uhl<\/p>\n\n\n\n<h2 class=\"wp-block-heading\">EU-Streitschlichtung<\/h2>\n\n\n\n<p>Die Europ\u00e4ische Kommission stellt eine Plattform zur Online-Streitbeilegung (OS) bereit: <a href=\"https:\/\/ec.europa.eu\/consumers\/odr\/\" target=\"_blank\" rel=\"noreferrer noopener\">https:\/\/ec.europa.eu\/consumers\/odr\/<\/a>.<br>Unsere E-Mail-Adresse finden Sie oben im Impressum.<\/p>\n\n\n\n<h2 class=\"wp-block-heading\">Verbraucher\u00adstreit\u00adbeilegung\/Universal\u00adschlichtungs\u00adstelle<\/h2>\n\n\n\n<p>Wir sind nicht bereit oder verpflichtet, an Streitbeilegungsverfahren vor einer Verbraucherschlichtungsstelle teilzunehmen.<\/p>\n","protected":false},"excerpt":{"rendered":"<p>Bj\u00f6rn UhlPraxis f\u00fcr Heilp\u00e4dagogik, Lerntherapie &amp; Gesundheitsberatung Bj\u00f6rn UhlRichard-Wagner-Str. 2235460 Staufenberg Kontakt Telefon: +49 (0)6406-50977Telefax: +49 (0)6406-830694E-Mail: info@lerntherapeut-uhl.de Umsatzsteuer-ID Umsatzsteuer-Identifikationsnummer gem\u00e4\u00df \u00a7 27 a Umsatzsteuergesetz:DE253117816 Gewerbeanmeldung Die Gewerbeerlaubnis nach [Nummer des Paragraphen] GewO wurde am 01.02.2007 von folgender Stelle erteilt: Gemeinde Staufenberg. Berufsbezeichnung und berufsrechtliche Regelungen Berufsbezeichnung:staatlich anerkannter Heilp\u00e4dagoge Verliehen in:Deutschland Redaktionell verantwortlich Bj\u00f6rn Uhl [&hellip;]<\/p>\n","protected":false},"author":1,"featured_media":0,"parent":0,"menu_order":0,"comment_status":"closed","ping_status":"closed","template":"","meta":{"footnotes":""},"class_list":["post-64","page","type-page","status-publish","hentry"],"_links":{"self":[{"href":"https:\/\/lerntherapeut-uhl.de\/index.php\/wp-json\/wp\/v2\/pages\/64","targetHints":{"allow":["GET"]}}],"collection":[{"href":"https:\/\/lerntherapeut-uhl.de\/index.php\/wp-json\/wp\/v2\/pages"}],"about":[{"href":"https:\/\/lerntherapeut-uhl.de\/index.php\/wp-json\/wp\/v2\/types\/page"}],"author":[{"embeddable":true,"href":"https:\/\/lerntherapeut-uhl.de\/index.php\/wp-json\/wp\/v2\/users\/1"}],"replies":[{"embeddable":true,"href":"https:\/\/lerntherapeut-uhl.de\/index.php\/wp-json\/wp\/v2\/comments?post=64"}],"version-history":[{"count":1,"href":"https:\/\/lerntherapeut-uhl.de\/index.php\/wp-json\/wp\/v2\/pages\/64\/revisions"}],"predecessor-version":[{"id":66,"href":"https:\/\/lerntherapeut-uhl.de\/index.php\/wp-json\/wp\/v2\/pages\/64\/revisions\/66"}],"wp:attachment":[{"href":"https:\/\/lerntherapeut-uhl.de\/index.php\/wp-json\/wp\/v2\/media?parent=64"}],"curies":[{"name":"wp","href":"https:\/\/api.w.org\/{rel}","templated":true}]}}